{"id":551,"date":"2020-08-14T13:27:11","date_gmt":"2020-08-14T13:27:11","guid":{"rendered":"https:\/\/demo.creativethemes.com\/blocksy\/business\/?page_id=3"},"modified":"2024-05-08T12:47:37","modified_gmt":"2024-05-08T12:47:37","slug":"datenschutzrichtlinien","status":"publish","type":"page","link":"https:\/\/komdatis.tu-dortmund.de\/index.php\/datenschutzrichtlinien\/","title":{"rendered":"Datenschutzrichtlinien"},"content":{"rendered":"\t\t<div data-elementor-type=\"wp-page\" data-elementor-id=\"551\" class=\"elementor elementor-551\">\n\t\t\t\t\t\t\t\t\t<section class=\"elementor-section elementor-top-section elementor-element elementor-element-37888dde elementor-section-boxed elementor-section-height-default elementor-section-height-default\" data-id=\"37888dde\" data-element_type=\"section\">\n\t\t\t\t\t\t<div class=\"elementor-container elementor-column-gap-default\">\n\t\t\t\t\t<div class=\"elementor-column elementor-col-100 elementor-top-column elementor-element elementor-element-49775ae1\" data-id=\"49775ae1\" data-element_type=\"column\">\n\t\t\t<div class=\"elementor-widget-wrap elementor-element-populated\">\n\t\t\t\t\t\t\t\t<div class=\"elementor-element elementor-element-65f3dc8 elementor-widget elementor-widget-heading\" data-id=\"65f3dc8\" data-element_type=\"widget\" data-widget_type=\"heading.default\">\n\t\t\t\t<div class=\"elementor-widget-container\">\n\t\t\t<style>\/*! elementor - v3.16.0 - 20-09-2023 *\/\n.elementor-heading-title{padding:0;margin:0;line-height:1}.elementor-widget-heading .elementor-heading-title[class*=elementor-size-]>a{color:inherit;font-size:inherit;line-height:inherit}.elementor-widget-heading .elementor-heading-title.elementor-size-small{font-size:15px}.elementor-widget-heading .elementor-heading-title.elementor-size-medium{font-size:19px}.elementor-widget-heading .elementor-heading-title.elementor-size-large{font-size:29px}.elementor-widget-heading .elementor-heading-title.elementor-size-xl{font-size:39px}.elementor-widget-heading .elementor-heading-title.elementor-size-xxl{font-size:59px}<\/style><h2 class=\"elementor-heading-title elementor-size-default\">Datenschutzerkl\u00e4rung<\/h2>\t\t<\/div>\n\t\t\t\t<\/div>\n\t\t\t\t\t<\/div>\n\t\t<\/div>\n\t\t\t\t\t\t\t<\/div>\n\t\t<\/section>\n\t\t\t\t<section class=\"elementor-section elementor-top-section elementor-element elementor-element-86524bc elementor-section-boxed elementor-section-height-default elementor-section-height-default\" data-id=\"86524bc\" data-element_type=\"section\">\n\t\t\t\t\t\t<div class=\"elementor-container elementor-column-gap-default\">\n\t\t\t\t\t<div class=\"elementor-column elementor-col-100 elementor-top-column elementor-element elementor-element-c1fd404\" data-id=\"c1fd404\" data-element_type=\"column\">\n\t\t\t<div class=\"elementor-widget-wrap elementor-element-populated\">\n\t\t\t\t\t\t\t\t<div class=\"elementor-element elementor-element-34417fc elementor-widget elementor-widget-text-editor\" data-id=\"34417fc\" data-element_type=\"widget\" data-widget_type=\"text-editor.default\">\n\t\t\t\t<div class=\"elementor-widget-container\">\n\t\t\t<style>\/*! elementor - v3.16.0 - 20-09-2023 *\/\n.elementor-widget-text-editor.elementor-drop-cap-view-stacked .elementor-drop-cap{background-color:#69727d;color:#fff}.elementor-widget-text-editor.elementor-drop-cap-view-framed .elementor-drop-cap{color:#69727d;border:3px solid;background-color:transparent}.elementor-widget-text-editor:not(.elementor-drop-cap-view-default) .elementor-drop-cap{margin-top:8px}.elementor-widget-text-editor:not(.elementor-drop-cap-view-default) .elementor-drop-cap-letter{width:1em;height:1em}.elementor-widget-text-editor .elementor-drop-cap{float:left;text-align:center;line-height:1;font-size:50px}.elementor-widget-text-editor .elementor-drop-cap-letter{display:inline-block}<\/style>\t\t\t\t<p>F\u00fcr diese Webseite gilt die Datenschutzerkl\u00e4rung der Technischen Universit\u00e4t Dortmund analog:\u00a0<\/p>\t\t\t\t\t\t<\/div>\n\t\t\t\t<\/div>\n\t\t\t\t\t<\/div>\n\t\t<\/div>\n\t\t\t\t\t\t\t<\/div>\n\t\t<\/section>\n\t\t\t\t<section class=\"elementor-section elementor-top-section elementor-element elementor-element-5ed9693 elementor-section-boxed elementor-section-height-default elementor-section-height-default\" data-id=\"5ed9693\" data-element_type=\"section\">\n\t\t\t\t\t\t<div class=\"elementor-container elementor-column-gap-default\">\n\t\t\t\t\t<div class=\"elementor-column elementor-col-100 elementor-top-column elementor-element elementor-element-1a8522e\" data-id=\"1a8522e\" data-element_type=\"column\">\n\t\t\t<div class=\"elementor-widget-wrap elementor-element-populated\">\n\t\t\t\t\t\t\t\t<div class=\"elementor-element elementor-element-d3800e6 elementor-widget elementor-widget-button\" data-id=\"d3800e6\" data-element_type=\"widget\" data-widget_type=\"button.default\">\n\t\t\t\t<div class=\"elementor-widget-container\">\n\t\t\t\t\t<div class=\"elementor-button-wrapper\">\n\t\t\t<a class=\"elementor-button elementor-button-link elementor-size-sm\" href=\"https:\/\/www.tu-dortmund.de\/datenschutz\/\" target=\"_blank\">\n\t\t\t\t\t\t<span class=\"elementor-button-content-wrapper\">\n\t\t\t\t\t\t<span class=\"elementor-button-text\">Zur Datenschutzerkl\u00e4rung der TU Dortmund<\/span>\n\t\t<\/span>\n\t\t\t\t\t<\/a>\n\t\t<\/div>\n\t\t\t\t<\/div>\n\t\t\t\t<\/div>\n\t\t\t\t\t<\/div>\n\t\t<\/div>\n\t\t\t\t\t\t\t<\/div>\n\t\t<\/section>\n\t\t\t\t<section class=\"elementor-section elementor-top-section elementor-element elementor-element-7f00535 elementor-section-boxed elementor-section-height-default elementor-section-height-default\" data-id=\"7f00535\" data-element_type=\"section\">\n\t\t\t\t\t\t<div class=\"elementor-container elementor-column-gap-default\">\n\t\t\t\t\t<div class=\"elementor-column elementor-col-100 elementor-top-column elementor-element elementor-element-37c4ac6\" data-id=\"37c4ac6\" data-element_type=\"column\">\n\t\t\t<div class=\"elementor-widget-wrap elementor-element-populated\">\n\t\t\t\t\t\t\t\t<div class=\"elementor-element elementor-element-080b9ab elementor-widget elementor-widget-heading\" data-id=\"080b9ab\" data-element_type=\"widget\" data-widget_type=\"heading.default\">\n\t\t\t\t<div class=\"elementor-widget-container\">\n\t\t\t<h2 class=\"elementor-heading-title elementor-size-default\">Impressum<\/h2>\t\t<\/div>\n\t\t\t\t<\/div>\n\t\t\t\t\t<\/div>\n\t\t<\/div>\n\t\t\t\t\t\t\t<\/div>\n\t\t<\/section>\n\t\t\t\t<section class=\"elementor-section elementor-top-section elementor-element elementor-element-3e2f245 elementor-section-boxed elementor-section-height-default elementor-section-height-default\" data-id=\"3e2f245\" data-element_type=\"section\">\n\t\t\t\t\t\t<div class=\"elementor-container elementor-column-gap-default\">\n\t\t\t\t\t<div class=\"elementor-column elementor-col-100 elementor-top-column elementor-element elementor-element-ad5a193\" data-id=\"ad5a193\" data-element_type=\"column\">\n\t\t\t<div class=\"elementor-widget-wrap elementor-element-populated\">\n\t\t\t\t\t\t\t\t<div class=\"elementor-element elementor-element-702677a elementor-widget elementor-widget-text-editor\" data-id=\"702677a\" data-element_type=\"widget\" data-widget_type=\"text-editor.default\">\n\t\t\t\t<div class=\"elementor-widget-container\">\n\t\t\t\t\t\t\t<p>Impressum nach \u00a7 5 Abs. 1 Telemediengesetz (TMG)<br \/>Technische Universit\u00e4t Dortmund<br \/>August-Schmidt-Stra\u00dfe 4<br \/>44227 Dortmund<\/p><p>Telefon: 0231\/755-1<\/p><p>presse@tu-dortmund.de<\/p><p>Die Technische Universit\u00e4t (TU) Dortmund ist gem. \u00a7 2 Abs. 1 Satz 1 i.V.m. \u00a7 1 Abs. 2 Satz 1 Nr. 5 des Gesetzes \u00fcber die Hochschulen des Landes Nordrhein-Westfalen (HG NRW) eine vom Land Nordrhein-Westfalen getragene, rechtsf\u00e4hige K\u00f6rperschaft des \u00f6ffentlichen Rechts. Sie wird vertreten durch den Rektor Prof. Dr. Manfred Bayer.<\/p><p>Die TU Dortmund nimmt ihre Aufgaben gem. \u00a7 76 Abs. 1 Satz 1 HG NRW unter der Rechtsaufsicht des Ministeriums f\u00fcr Kultur und Wissenschaft des Landes Nordrhein-Westfalen, V\u00f6lklinger Stra\u00dfe 49, 40221 D\u00fcsseldorf wahr.<\/p><p>Umsatzsteuer-Identifikationsnummer gem. \u00a7 27a Umsatzsteuergesetz (UStG): DE 811 258 273<\/p><p><strong>Redaktionell verantwortlich gem\u00e4\u00df \u00a7 18 Abs. 2 des Medienstaatsvertrages (MStV)<\/strong>:<\/p><p>Dr. Tobias Guggenberger<br \/>Lehrstuhl f\u00fcr Industrielles Informationsmanagement<br \/>Joseph-von-Fraunhoferstra\u00dfe 2-4<br \/>44227 Dortmund<br \/>tobias.guggenberger@tu-dortmund.de<\/p>\t\t\t\t\t\t<\/div>\n\t\t\t\t<\/div>\n\t\t\t\t\t<\/div>\n\t\t<\/div>\n\t\t\t\t\t\t\t<\/div>\n\t\t<\/section>\n\t\t\t\t\t\t\t<\/div>\n\t\t","protected":false},"excerpt":{"rendered":"<p>Datenschutzerkl\u00e4rung F\u00fcr diese Webseite gilt die Datenschutzerkl\u00e4rung der Technischen Universit\u00e4t Dortmund analog:\u00a0 Zur Datenschutzerkl\u00e4rung der TU Dortmund Impressum Impressum nach \u00a7 5 Abs. 1 Telemediengesetz (TMG)Technische Universit\u00e4t DortmundAugust-Schmidt-Stra\u00dfe 444227 Dortmund Telefon: 0231\/755-1 presse@tu-dortmund.de Die Technische Universit\u00e4t (TU) Dortmund ist gem. \u00a7 2 Abs. 1 Satz 1 i.V.m. \u00a7 1 Abs. 2 Satz 1 Nr. 5 [&hellip;]<\/p>\n","protected":false},"author":2,"featured_media":289,"parent":0,"menu_order":0,"comment_status":"closed","ping_status":"closed","template":"","meta":{"footnotes":""},"class_list":["post-551","page","type-page","status-publish","has-post-thumbnail","hentry"],"blocksy_meta":{"styles_descriptor":{"styles":{"desktop":"","tablet":"","mobile":""},"google_fonts":[],"version":4}},"featured_image_urls":{"full":["https:\/\/komdatis.tu-dortmund.de\/wp-content\/uploads\/2020\/08\/laura-chouette-14u6sJ6KiyI-unsplash.jpg",630,350,false],"thumbnail":["https:\/\/komdatis.tu-dortmund.de\/wp-content\/uploads\/2020\/08\/laura-chouette-14u6sJ6KiyI-unsplash-150x150.jpg",150,150,true],"medium":["https:\/\/komdatis.tu-dortmund.de\/wp-content\/uploads\/2020\/08\/laura-chouette-14u6sJ6KiyI-unsplash-300x167.jpg",300,167,true],"medium_large":["https:\/\/komdatis.tu-dortmund.de\/wp-content\/uploads\/2020\/08\/laura-chouette-14u6sJ6KiyI-unsplash.jpg",630,350,false],"large":["https:\/\/komdatis.tu-dortmund.de\/wp-content\/uploads\/2020\/08\/laura-chouette-14u6sJ6KiyI-unsplash.jpg",630,350,false],"1536x1536":["https:\/\/komdatis.tu-dortmund.de\/wp-content\/uploads\/2020\/08\/laura-chouette-14u6sJ6KiyI-unsplash.jpg",630,350,false],"2048x2048":["https:\/\/komdatis.tu-dortmund.de\/wp-content\/uploads\/2020\/08\/laura-chouette-14u6sJ6KiyI-unsplash.jpg",630,350,false]},"post_excerpt_stackable":"<p>Datenschutzerkl\u00e4rung F\u00fcr diese Webseite gilt die Datenschutzerkl\u00e4rung der Technischen Universit\u00e4t Dortmund analog:\u00a0 Zur Datenschutzerkl\u00e4rung der TU Dortmund Impressum Impressum nach \u00a7 5 Abs. 1 Telemediengesetz (TMG)Technische Universit\u00e4t DortmundAugust-Schmidt-Stra\u00dfe 444227 DortmundTelefon: 0231\/755-1presse@tu-dortmund.deDie Technische Universit\u00e4t (TU) Dortmund ist gem. \u00a7 2 Abs. 1 Satz 1 i.V.m. \u00a7 1 Abs. 2 Satz 1 Nr. 5 des Gesetzes \u00fcber die Hochschulen des Landes Nordrhein-Westfalen (HG NRW) eine vom Land Nordrhein-Westfalen getragene, rechtsf\u00e4hige K\u00f6rperschaft des \u00f6ffentlichen Rechts. Sie wird vertreten durch den Rektor Prof. Dr. Manfred Bayer.Die TU Dortmund nimmt ihre Aufgaben gem. \u00a7 76 Abs. 1 Satz 1 HG NRW unter der Rechtsaufsicht des&hellip;<\/p>\n","category_list":"","author_info":{"name":"Jan-Luca Henning","url":"https:\/\/komdatis.tu-dortmund.de\/author\/jlh\/"},"comments_num":"0 comments","_links":{"self":[{"href":"https:\/\/komdatis.tu-dortmund.de\/index.php\/wp-json\/wp\/v2\/pages\/551","targetHints":{"allow":["GET"]}}],"collection":[{"href":"https:\/\/komdatis.tu-dortmund.de\/index.php\/wp-json\/wp\/v2\/pages"}],"about":[{"href":"https:\/\/komdatis.tu-dortmund.de\/index.php\/wp-json\/wp\/v2\/types\/page"}],"author":[{"embeddable":true,"href":"https:\/\/komdatis.tu-dortmund.de\/index.php\/wp-json\/wp\/v2\/users\/2"}],"replies":[{"embeddable":true,"href":"https:\/\/komdatis.tu-dortmund.de\/index.php\/wp-json\/wp\/v2\/comments?post=551"}],"version-history":[{"count":28,"href":"https:\/\/komdatis.tu-dortmund.de\/index.php\/wp-json\/wp\/v2\/pages\/551\/revisions"}],"predecessor-version":[{"id":1364,"href":"https:\/\/komdatis.tu-dortmund.de\/index.php\/wp-json\/wp\/v2\/pages\/551\/revisions\/1364"}],"wp:featuredmedia":[{"embeddable":true,"href":"https:\/\/komdatis.tu-dortmund.de\/index.php\/wp-json\/wp\/v2\/media\/289"}],"wp:attachment":[{"href":"https:\/\/komdatis.tu-dortmund.de\/index.php\/wp-json\/wp\/v2\/media?parent=551"}],"curies":[{"name":"wp","href":"https:\/\/api.w.org\/{rel}","templated":true}]}}